{"id":15,"date":"2015-10-09T20:17:20","date_gmt":"2015-10-09T18:17:20","guid":{"rendered":"http:\/\/textil-buero.de\/?page_id=15"},"modified":"2018-10-28T09:31:43","modified_gmt":"2018-10-28T08:31:43","slug":"home","status":"publish","type":"page","link":"https:\/\/textil-buero.de\/","title":{"rendered":"Willkommen auf meiner Homepage!"},"content":{"rendered":"<p>Individuell gestaltete Textilien, die den Alltag versch\u00f6nern, sind meine Leidenschaft.<\/p>\n<p>Bei mir finden Sie u.a. leichte Wolldecken f\u00fcr den norddeutschen<br \/>\nSommer, Tischl\u00e4ufer mit besonderen Details und h\u00fcbsche Handt\u00fccher, die farbenfrohe Akzente in den Alltag bringen.<\/p>\n<p>Ich lade Sie ein, auf den folgenden Seiten einen Einblick in meine<br \/>\nArbeiten zu gewinnen.<\/p>\n<p>Sie k\u00f6nnen meine textilen Produkte auch bei einer aktuellen<br \/>\nAusstellung in natura erleben oder mich gern f\u00fcr einen Besuch in<br \/>\nmeinem Atelier kontaktieren.<\/p>\n<p><a href=\"https:\/\/textil-buero.de\/wp-content\/uploads\/2015\/10\/DSC03750-Small.jpg\" rel=\"attachment wp-att-82\"><img loading=\"lazy\" decoding=\"async\" class=\"alignnone wp-image-82 size-medium\" src=\"https:\/\/textil-buero.de\/wp-content\/uploads\/2015\/10\/DSC03750-Small-225x300.jpg\" alt=\"DSC03750 (Small)\" width=\"225\" height=\"300\" srcset=\"https:\/\/textil-buero.de\/wp-content\/uploads\/2015\/10\/DSC03750-Small-225x300.jpg 225w, https:\/\/textil-buero.de\/wp-content\/uploads\/2015\/10\/DSC03750-Small.jpg 480w\" sizes=\"auto, (max-width: 225px) 100vw, 225px\" \/><\/a><\/p>\n","protected":false},"excerpt":{"rendered":"<p>Individuell gestaltete Textilien, die den Alltag versch\u00f6nern, sind meine Leidenschaft. Bei mir finden Sie u.a. leichte Wolldecken f\u00fcr den norddeutschen Sommer, Tischl\u00e4ufer mit besonderen Details und h\u00fcbsche Handt\u00fccher, die farbenfrohe Akzente in den Alltag bringen. Ich lade Sie ein, auf den folgenden Seiten einen Einblick in meine Arbeiten zu gewinnen. Sie k\u00f6nnen meine textilen Produkte &hellip; <\/p>\n<p class=\"link-more\"><a href=\"https:\/\/textil-buero.de\/\" class=\"more-link\"><span class=\"screen-reader-text\">\u201eWillkommen auf meiner Homepage!\u201c <\/span>weiterlesen<\/a><\/p>\n","protected":false},"author":2,"featured_media":0,"parent":0,"menu_order":0,"comment_status":"closed","ping_status":"closed","template":"","meta":{"footnotes":""},"class_list":["post-15","page","type-page","status-publish","hentry"],"_links":{"self":[{"href":"https:\/\/textil-buero.de\/index.php\/wp-json\/wp\/v2\/pages\/15","targetHints":{"allow":["GET"]}}],"collection":[{"href":"https:\/\/textil-buero.de\/index.php\/wp-json\/wp\/v2\/pages"}],"about":[{"href":"https:\/\/textil-buero.de\/index.php\/wp-json\/wp\/v2\/types\/page"}],"author":[{"embeddable":true,"href":"https:\/\/textil-buero.de\/index.php\/wp-json\/wp\/v2\/users\/2"}],"replies":[{"embeddable":true,"href":"https:\/\/textil-buero.de\/index.php\/wp-json\/wp\/v2\/comments?post=15"}],"version-history":[{"count":11,"href":"https:\/\/textil-buero.de\/index.php\/wp-json\/wp\/v2\/pages\/15\/revisions"}],"predecessor-version":[{"id":83,"href":"https:\/\/textil-buero.de\/index.php\/wp-json\/wp\/v2\/pages\/15\/revisions\/83"}],"wp:attachment":[{"href":"https:\/\/textil-buero.de\/index.php\/wp-json\/wp\/v2\/media?parent=15"}],"curies":[{"name":"wp","href":"https:\/\/api.w.org\/{rel}","templated":true}]}}