{"id":18,"date":"2015-10-09T19:59:42","date_gmt":"2015-10-09T17:59:42","guid":{"rendered":"http:\/\/textil-buero.de\/?page_id=18"},"modified":"2016-01-28T17:42:30","modified_gmt":"2016-01-28T16:42:30","slug":"ueber-mich","status":"publish","type":"page","link":"https:\/\/textil-buero.de\/index.php\/ueber-mich\/","title":{"rendered":"\u00dcber mich"},"content":{"rendered":"<p style=\"text-align: left;\"><a href=\"https:\/\/textil-buero.de\/wp-content\/uploads\/2015\/10\/IMG_2364.jpg\" rel=\"attachment wp-att-72\"><img loading=\"lazy\" decoding=\"async\" class=\"alignnone wp-image-72\" src=\"https:\/\/textil-buero.de\/wp-content\/uploads\/2015\/10\/IMG_2364-225x300.jpg\" alt=\"IMG_2364\" width=\"171\" height=\"228\" srcset=\"https:\/\/textil-buero.de\/wp-content\/uploads\/2015\/10\/IMG_2364-225x300.jpg 225w, https:\/\/textil-buero.de\/wp-content\/uploads\/2015\/10\/IMG_2364-768x1024.jpg 768w, https:\/\/textil-buero.de\/wp-content\/uploads\/2015\/10\/IMG_2364.jpg 1536w\" sizes=\"auto, (max-width: 171px) 100vw, 171px\" \/><\/a><br \/>\nSeit 1985 habe ich mit dem Weben, zun\u00e4chst als Hobby, angefangen.<br \/>\nMein Interesse am kreativen Schaffen, weiterf\u00fchrende Kurse<br \/>\nund der Austausch mit anderen Weberinnen best\u00e4rkte mich in der<br \/>\nEntscheidung, die textile Gestaltung zu meiner Hauptt\u00e4tigkeit<br \/>\nzu machen.<br \/>\nIm November 2010 habe ich meine Ausbildung zur Gestalterin im<br \/>\nHandwerk als Textilgestalterin erfolgreich abgeschlossen und arbeite seither in meiner Werkstatt im gr\u00fcnen Hannoveraner Umland.<\/p>\n","protected":false},"excerpt":{"rendered":"<p>Seit 1985 habe ich mit dem Weben, zun\u00e4chst als Hobby, angefangen. Mein Interesse am kreativen Schaffen, weiterf\u00fchrende Kurse und der Austausch mit anderen Weberinnen best\u00e4rkte mich in der Entscheidung, die textile Gestaltung zu meiner Hauptt\u00e4tigkeit zu machen. Im November 2010 habe ich meine Ausbildung zur Gestalterin im Handwerk als Textilgestalterin erfolgreich abgeschlossen und arbeite seither &hellip; <\/p>\n<p class=\"link-more\"><a href=\"https:\/\/textil-buero.de\/index.php\/ueber-mich\/\" class=\"more-link\"><span class=\"screen-reader-text\">\u201e\u00dcber mich\u201c <\/span>weiterlesen<\/a><\/p>\n","protected":false},"author":2,"featured_media":0,"parent":0,"menu_order":0,"comment_status":"closed","ping_status":"closed","template":"","meta":{"footnotes":""},"class_list":["post-18","page","type-page","status-publish","hentry"],"_links":{"self":[{"href":"https:\/\/textil-buero.de\/index.php\/wp-json\/wp\/v2\/pages\/18","targetHints":{"allow":["GET"]}}],"collection":[{"href":"https:\/\/textil-buero.de\/index.php\/wp-json\/wp\/v2\/pages"}],"about":[{"href":"https:\/\/textil-buero.de\/index.php\/wp-json\/wp\/v2\/types\/page"}],"author":[{"embeddable":true,"href":"https:\/\/textil-buero.de\/index.php\/wp-json\/wp\/v2\/users\/2"}],"replies":[{"embeddable":true,"href":"https:\/\/textil-buero.de\/index.php\/wp-json\/wp\/v2\/comments?post=18"}],"version-history":[{"count":9,"href":"https:\/\/textil-buero.de\/index.php\/wp-json\/wp\/v2\/pages\/18\/revisions"}],"predecessor-version":[{"id":81,"href":"https:\/\/textil-buero.de\/index.php\/wp-json\/wp\/v2\/pages\/18\/revisions\/81"}],"wp:attachment":[{"href":"https:\/\/textil-buero.de\/index.php\/wp-json\/wp\/v2\/media?parent=18"}],"curies":[{"name":"wp","href":"https:\/\/api.w.org\/{rel}","templated":true}]}}